{"id":405,"date":"2021-06-17T04:06:18","date_gmt":"2021-06-17T04:06:18","guid":{"rendered":"https:\/\/aser.ar\/formacion\/?page_id=405"},"modified":"2021-06-17T19:07:03","modified_gmt":"2021-06-17T19:07:03","slug":"coaching-de-equipos-certificacion-internacional","status":"publish","type":"page","link":"https:\/\/aser.ar\/formacion\/coaching-de-equipos-certificacion-internacional\/","title":{"rendered":"Certificaci\u00f3n Internacional en Coaching &#8211; Argentina\u200b"},"content":{"rendered":"\t\t<div data-elementor-type=\"wp-page\" data-elementor-id=\"405\" class=\"elementor elementor-405\">\n\t\t\t\t\t\t<section class=\"elementor-section elementor-top-section elementor-element elementor-element-13b5b2f elementor-section-boxed elementor-section-height-default elementor-section-height-default\" data-id=\"13b5b2f\" data-element_type=\"section\" data-e-type=\"section\">\n\t\t\t\t\t\t<div class=\"elementor-container elementor-column-gap-default\">\n\t\t\t\t\t<div class=\"elementor-column elementor-col-100 elementor-top-column elementor-element elementor-element-86d7d6e\" data-id=\"86d7d6e\" data-element_type=\"column\" data-e-type=\"column\">\n\t\t\t<div class=\"elementor-widget-wrap elementor-element-populated\">\n\t\t\t\t\t\t<div class=\"elementor-element elementor-element-0e21553 elementor-widget elementor-widget-heading\" data-id=\"0e21553\" data-element_type=\"widget\" data-e-type=\"widget\" data-widget_type=\"heading.default\">\n\t\t\t\t<div class=\"elementor-widget-container\">\n\t\t\t\t\t<h2 class=\"elementor-heading-title elementor-size-xl\">Certificaci\u00f3n Internacional en Coaching - Argentina<\/h2>\t\t\t\t<\/div>\n\t\t\t\t<\/div>\n\t\t\t\t\t<\/div>\n\t\t<\/div>\n\t\t\t\t\t<\/div>\n\t\t<\/section>\n\t\t\t\t<section class=\"elementor-section elementor-top-section elementor-element elementor-element-3aca645 elementor-section-boxed elementor-section-height-default elementor-section-height-default\" data-id=\"3aca645\" data-element_type=\"section\" data-e-type=\"section\">\n\t\t\t\t\t\t<div class=\"elementor-container elementor-column-gap-default\">\n\t\t\t\t\t<div class=\"elementor-column elementor-col-100 elementor-top-column elementor-element elementor-element-cb8a96b\" data-id=\"cb8a96b\" data-element_type=\"column\" data-e-type=\"column\">\n\t\t\t<div class=\"elementor-widget-wrap elementor-element-populated\">\n\t\t\t\t\t\t<div class=\"elementor-element elementor-element-c9f66e7 elementor-button-info elementor-align-center elementor-widget elementor-widget-button\" data-id=\"c9f66e7\" data-element_type=\"widget\" data-e-type=\"widget\" data-widget_type=\"button.default\">\n\t\t\t\t<div class=\"elementor-widget-container\">\n\t\t\t\t\t\t\t\t\t<div class=\"elementor-button-wrapper\">\n\t\t\t\t\t<a class=\"elementor-button elementor-button-link elementor-size-md\" href=\"https:\/\/api.whatsapp.com\/send\/?phone=5493804105534&#038;text&#038;app_absent=0\" target=\"_blank\">\n\t\t\t\t\t\t<span class=\"elementor-button-content-wrapper\">\n\t\t\t\t\t\t<span class=\"elementor-button-icon\">\n\t\t\t\t<i aria-hidden=\"true\" class=\"fas fa-chalkboard-teacher\"><\/i>\t\t\t<\/span>\n\t\t\t\t\t\t\t\t\t<span class=\"elementor-button-text\">Inscr\u00edbete<\/span>\n\t\t\t\t\t<\/span>\n\t\t\t\t\t<\/a>\n\t\t\t\t<\/div>\n\t\t\t\t\t\t\t\t<\/div>\n\t\t\t\t<\/div>\n\t\t\t\t\t<\/div>\n\t\t<\/div>\n\t\t\t\t\t<\/div>\n\t\t<\/section>\n\t\t\t\t<section class=\"elementor-section elementor-top-section elementor-element elementor-element-779a09d elementor-section-boxed elementor-section-height-default elementor-section-height-default\" data-id=\"779a09d\" data-element_type=\"section\" data-e-type=\"section\">\n\t\t\t\t\t\t<div class=\"elementor-container elementor-column-gap-extended\">\n\t\t\t\t\t<div class=\"elementor-column elementor-col-50 elementor-top-column elementor-element elementor-element-290f280\" data-id=\"290f280\" data-element_type=\"column\" data-e-type=\"column\">\n\t\t\t<div class=\"elementor-widget-wrap elementor-element-populated\">\n\t\t\t\t\t\t<div class=\"elementor-element elementor-element-78c92d7 elementor-widget elementor-widget-image\" data-id=\"78c92d7\" data-element_type=\"widget\" data-e-type=\"widget\" data-widget_type=\"image.default\">\n\t\t\t\t<div class=\"elementor-widget-container\">\n\t\t\t\t\t\t\t\t\t\t\t\t\t\t\t<img fetchpriority=\"high\" decoding=\"async\" width=\"2250\" height=\"2250\" src=\"https:\/\/aser.ar\/formacion\/wp-content\/uploads\/2021\/06\/agenda-2021-encabezado-01.jpg\" class=\"attachment-full size-full wp-image-391\" alt=\"\" srcset=\"https:\/\/aser.ar\/formacion\/wp-content\/uploads\/2021\/06\/agenda-2021-encabezado-01.jpg 2250w, https:\/\/aser.ar\/formacion\/wp-content\/uploads\/2021\/06\/agenda-2021-encabezado-01-300x300.jpg 300w, https:\/\/aser.ar\/formacion\/wp-content\/uploads\/2021\/06\/agenda-2021-encabezado-01-1024x1024.jpg 1024w, https:\/\/aser.ar\/formacion\/wp-content\/uploads\/2021\/06\/agenda-2021-encabezado-01-150x150.jpg 150w, https:\/\/aser.ar\/formacion\/wp-content\/uploads\/2021\/06\/agenda-2021-encabezado-01-768x768.jpg 768w, https:\/\/aser.ar\/formacion\/wp-content\/uploads\/2021\/06\/agenda-2021-encabezado-01-100x100.jpg 100w, https:\/\/aser.ar\/formacion\/wp-content\/uploads\/2021\/06\/agenda-2021-encabezado-01-1536x1536.jpg 1536w, https:\/\/aser.ar\/formacion\/wp-content\/uploads\/2021\/06\/agenda-2021-encabezado-01-2048x2048.jpg 2048w, https:\/\/aser.ar\/formacion\/wp-content\/uploads\/2021\/06\/agenda-2021-encabezado-01-600x600.jpg 600w\" sizes=\"(max-width: 2250px) 100vw, 2250px\" \/>\t\t\t\t\t\t\t\t\t\t\t\t\t\t\t<\/div>\n\t\t\t\t<\/div>\n\t\t\t\t\t<\/div>\n\t\t<\/div>\n\t\t\t\t<div class=\"elementor-column elementor-col-50 elementor-top-column elementor-element elementor-element-3878b3a\" data-id=\"3878b3a\" data-element_type=\"column\" data-e-type=\"column\">\n\t\t\t<div class=\"elementor-widget-wrap elementor-element-populated\">\n\t\t\t\t\t\t<div class=\"elementor-element elementor-element-24b62d4 elementor-widget elementor-widget-text-editor\" data-id=\"24b62d4\" data-element_type=\"widget\" data-e-type=\"widget\" data-widget_type=\"text-editor.default\">\n\t\t\t\t<div class=\"elementor-widget-container\">\n\t\t\t\t\t\t\t\t\t<p><strong>Dictado a Distancia &#8211; Julio 2021<\/strong><\/p><p>MODALIDAD \u2013 DICTADO 100% A DISTANCIA!<\/p><p>Este programa representa una oportunidad \u00fanica para obtener un Certificaci\u00f3n Internacional en Coaching de una organizaci\u00f3n con miembros certificados en m\u00e1s de 60 pa\u00edses y transformarse en miembro de la International Coaching Community.<\/p><p>Esta formaci\u00f3n le permitir\u00e1 adquirir y desarrollar las habilidades fundamentales para la pr\u00e1ctica del Coaching en el \u00e1mbito personal y organizacional.<\/p>\t\t\t\t\t\t\t\t<\/div>\n\t\t\t\t<\/div>\n\t\t\t\t\t<\/div>\n\t\t<\/div>\n\t\t\t\t\t<\/div>\n\t\t<\/section>\n\t\t\t\t<section class=\"elementor-section elementor-top-section elementor-element elementor-element-4862a39 elementor-section-boxed elementor-section-height-default elementor-section-height-default\" data-id=\"4862a39\" data-element_type=\"section\" data-e-type=\"section\">\n\t\t\t\t\t\t<div class=\"elementor-container elementor-column-gap-default\">\n\t\t\t\t\t<div class=\"elementor-column elementor-col-100 elementor-top-column elementor-element elementor-element-b97066c\" data-id=\"b97066c\" data-element_type=\"column\" data-e-type=\"column\">\n\t\t\t<div class=\"elementor-widget-wrap elementor-element-populated\">\n\t\t\t\t\t\t<div class=\"elementor-element elementor-element-eaf2cc3 elementor-widget elementor-widget-heading\" data-id=\"eaf2cc3\" data-element_type=\"widget\" data-e-type=\"widget\" data-widget_type=\"heading.default\">\n\t\t\t\t<div class=\"elementor-widget-container\">\n\t\t\t\t\t<h2 class=\"elementor-heading-title elementor-size-default\"><span style=\"font-family: Roboto;font-size: 17px;white-space: normal\">Sobre los contenidos de la Certificaci\u00f3n Internacional en Coaching<\/span><\/h2>\t\t\t\t<\/div>\n\t\t\t\t<\/div>\n\t\t\t\t\t<\/div>\n\t\t<\/div>\n\t\t\t\t\t<\/div>\n\t\t<\/section>\n\t\t\t\t<section class=\"elementor-section elementor-top-section elementor-element elementor-element-1ab892a elementor-section-boxed elementor-section-height-default elementor-section-height-default\" data-id=\"1ab892a\" data-element_type=\"section\" data-e-type=\"section\">\n\t\t\t\t\t\t<div class=\"elementor-container elementor-column-gap-extended\">\n\t\t\t\t\t<div class=\"elementor-column elementor-col-50 elementor-top-column elementor-element elementor-element-86c6edb\" data-id=\"86c6edb\" data-element_type=\"column\" data-e-type=\"column\">\n\t\t\t<div class=\"elementor-widget-wrap elementor-element-populated\">\n\t\t\t\t\t\t<div class=\"elementor-element elementor-element-305fb06 elementor-widget elementor-widget-text-editor\" data-id=\"305fb06\" data-element_type=\"widget\" data-e-type=\"widget\" data-widget_type=\"text-editor.default\">\n\t\t\t\t<div class=\"elementor-widget-container\">\n\t\t\t\t\t\t\t\t\t<p><strong>\u00a0<\/strong><strong>Algunos temas a abordar durante el programa:<\/strong><\/p><ul><li>Fundamentos del Coaching, pilares metodol\u00f3gicos.<\/li><li>\u00a0<\/li><li>Bases filos\u00f3ficas que dan sustento al Coaching.<\/li><li>\u00a0<\/li><li>Diferencias del Coaching con otras profesiones y l\u00edmites \u00e9ticos.<\/li><\/ul><ul><li>El Coaching como proceso y sus etapas. Coaching t\u00e1ctico y estrat\u00e9gico.<\/li><\/ul><ul><li>Competencias clave a desarrollar como Coach para una pr\u00e1ctica responsable.<\/li><\/ul><ul><li>Modelos de Aprendizaje y Cambio.<\/li><\/ul><ul><li>C\u00f3mo trabajar con las metas y valores del cliente.<\/li><\/ul><ul><li>T\u00e9cnicas y herramientas para la exploraci\u00f3n del presente y dise\u00f1o de futuro.<\/li><\/ul><ul><li>Identificar, desafiar y acompa\u00f1ar el cambio de creencias limitantes.<\/li><\/ul><ul><li>Generar recursos a partir de creencias potenciadoras.<\/li><\/ul><ul><li>C\u00f3mo ayudar a los clientes a superar sus miedos y bloqueos mentales.<\/li><\/ul><ul><li>C\u00f3mo dise\u00f1ar tareas para obtener los mejores resultados y generar aprendizaje.<\/li><\/ul><ul><li>Preguntas poderosas que cambian la vida de los clientes y cu\u00e1ndo utilizarlas.<\/li><\/ul><ul><li>El Arte de escuchar y los niveles de escucha.<\/li><\/ul><ul><li>Habla y escucha responsable, actos del habla y sus compromisos.<\/li><\/ul><ul><li>Inteligencia conversacional \u2013 Dise\u00f1o de conversaciones para el logro de resultados.<\/li><\/ul><ul><li>Gesti\u00f3n inteligente de emociones y estados de \u00e1nimo.<\/li><\/ul><ul><li>El pensamiento sist\u00e9mico para encontrar el punto de influencia en su pr\u00e1ctica de coaching.<\/li><\/ul><ul><li>Pautas para la pr\u00e1ctica profesional del Coaching y marco \u00e9tico.<\/li><\/ul>\t\t\t\t\t\t\t\t<\/div>\n\t\t\t\t<\/div>\n\t\t\t\t\t<\/div>\n\t\t<\/div>\n\t\t\t\t<div class=\"elementor-column elementor-col-50 elementor-top-column elementor-element elementor-element-83a8d23\" data-id=\"83a8d23\" data-element_type=\"column\" data-e-type=\"column\">\n\t\t\t<div class=\"elementor-widget-wrap elementor-element-populated\">\n\t\t\t\t\t\t<div class=\"elementor-element elementor-element-0e728b7 elementor-widget elementor-widget-text-editor\" data-id=\"0e728b7\" data-element_type=\"widget\" data-e-type=\"widget\" data-widget_type=\"text-editor.default\">\n\t\t\t\t<div class=\"elementor-widget-container\">\n\t\t\t\t\t\t\t\t\t<p><strong>Beneficios del programa<\/strong><\/p><p><strong>\u00a0<\/strong><strong>\u00bfQu\u00e9 puedo obtener de este programa y a qui\u00e9n va dirigido?<\/strong><\/p><p><strong>\u00bfQu\u00e9 beneficios le brinda el programa en el plano personal y profesional?<\/strong><\/p><ul><li>Dominio de las competencias necesarias para el desempe\u00f1o como coach.<\/li><li>Mejora de la efectividad personal.<\/li><li>Mejora de la habilidad para influir positivamente en otras personas.<\/li><li>Adquisici\u00f3n de herramientas para ayudar en la soluci\u00f3n de problemas o conflicto espec\u00edfico.<\/li><li>Liderar con \u00e9xito programas o proyectos de cambio.<\/li><li>Entrenamiento en una metodolog\u00eda potente, pr\u00e1ctica y altamente efectiva.<\/li><li>Formular planes de trabajo que funcionen.<\/li><li>Clarificar las metas de sus clientes y hacer que estas sean congruentes con sus valores.<\/li><li>Apoyar a su cliente para ir m\u00e1s all\u00e1 de sus miedos y bloqueos.<\/li><\/ul><p>\u00a0<\/p><p><strong>\u00bfA qui\u00e9n va dirigido?<\/strong><\/p><ul><li>Personas que quieran ejercer como Coaches certificados.<\/li><li>L\u00edderes que quieran desarrollar a sus colaboradores hasta su m\u00e1ximo potencial.<\/li><li>Responsables de RR.HH que necesiten incorporar a su organizaci\u00f3n un modelo orientado al desarrollo de talento y las personas.<\/li><li>Consultores, profesores, abogados, m\u00e9dicos,\u2026 que quieran desarrollar su comunicaci\u00f3n desde una perspectiva de coach.<\/li><\/ul><p>Si ya eres un coach, este curso ampliar\u00e1 tus habilidades y te dar\u00e1 nuevas herramientas y opciones en tu pr\u00e1ctica de coaching. El coaching ayuda a las personas a cambiar de la forma en que lo desean y a encaminarse en la direcci\u00f3n a la que quieren dirigirse. El coaching ayuda a las personas, en todo nivel, a convertirse en quienes desean ser y a ser la mejor versi\u00f3n de s\u00ed mismos.<\/p><p>En este curso se incluir\u00e1n ejemplos tanto de coaching empresarial como de coaching personal.<\/p><p><strong>Fechas del curso<\/strong><\/p><p>Inicia el 29 de Julio y finaliza el 11 de Diciembre<\/p><p>Clases Semanales los d\u00edas Jueves de 19 a 21:30hs<\/p><p>Un s\u00e1bado por mes de 9 a 18hs<\/p>\t\t\t\t\t\t\t\t<\/div>\n\t\t\t\t<\/div>\n\t\t\t\t\t<\/div>\n\t\t<\/div>\n\t\t\t\t\t<\/div>\n\t\t<\/section>\n\t\t\t\t<\/div>\n\t\t","protected":false},"excerpt":{"rendered":"<p>Certificaci\u00f3n Internacional en Coaching &#8211; Argentina Inscr\u00edbete Dictado a Distancia &#8211; Julio 2021 MODALIDAD \u2013 DICTADO 100% A DISTANCIA! Este programa representa una oportunidad \u00fanica para obtener un Certificaci\u00f3n Internacional en Coaching de una organizaci\u00f3n con miembros certificados en m\u00e1s de 60 pa\u00edses y transformarse en miembro de la International Coaching Community. Esta formaci\u00f3n le &#8230; <a title=\"Certificaci\u00f3n Internacional en Coaching &#8211; Argentina\u200b\" class=\"read-more\" href=\"https:\/\/aser.ar\/formacion\/coaching-de-equipos-certificacion-internacional\/\" aria-label=\"Leer m\u00e1s sobre Certificaci\u00f3n Internacional en Coaching &#8211; Argentina\u200b\">Leer m\u00e1s<\/a><\/p>\n","protected":false},"author":2,"featured_media":0,"parent":0,"menu_order":0,"comment_status":"closed","ping_status":"closed","template":"elementor_header_footer","meta":{"footnotes":""},"class_list":["post-405","page","type-page","status-publish"],"_links":{"self":[{"href":"https:\/\/aser.ar\/formacion\/wp-json\/wp\/v2\/pages\/405","targetHints":{"allow":["GET"]}}],"collection":[{"href":"https:\/\/aser.ar\/formacion\/wp-json\/wp\/v2\/pages"}],"about":[{"href":"https:\/\/aser.ar\/formacion\/wp-json\/wp\/v2\/types\/page"}],"author":[{"embeddable":true,"href":"https:\/\/aser.ar\/formacion\/wp-json\/wp\/v2\/users\/2"}],"replies":[{"embeddable":true,"href":"https:\/\/aser.ar\/formacion\/wp-json\/wp\/v2\/comments?post=405"}],"version-history":[{"count":8,"href":"https:\/\/aser.ar\/formacion\/wp-json\/wp\/v2\/pages\/405\/revisions"}],"predecessor-version":[{"id":436,"href":"https:\/\/aser.ar\/formacion\/wp-json\/wp\/v2\/pages\/405\/revisions\/436"}],"wp:attachment":[{"href":"https:\/\/aser.ar\/formacion\/wp-json\/wp\/v2\/media?parent=405"}],"curies":[{"name":"wp","href":"https:\/\/api.w.org\/{rel}","templated":true}]}}